{"id":6,"date":"2026-02-23T18:39:29","date_gmt":"2026-02-23T18:39:29","guid":{"rendered":"http:\/\/kihzjqo.cluster121.hosting.ovh.net\/?page_id=6"},"modified":"2026-02-23T19:09:52","modified_gmt":"2026-02-23T19:09:52","slug":"fenua-harmonisation","status":"publish","type":"page","link":"https:\/\/fenuaharmonisation.com\/","title":{"rendered":"Fenua Harmonisation"},"content":{"rendered":"\n<figure class=\"wp-block-image size-large\"><img loading=\"lazy\" decoding=\"async\" width=\"768\" height=\"1024\" src=\"http:\/\/kihzjqo.cluster121.hosting.ovh.net\/wp-content\/uploads\/2026\/02\/20240317_081517-768x1024.jpg\" alt=\"\" class=\"wp-image-8\" srcset=\"https:\/\/fenuaharmonisation.com\/wp-content\/uploads\/2026\/02\/20240317_081517-768x1024.jpg 768w, https:\/\/fenuaharmonisation.com\/wp-content\/uploads\/2026\/02\/20240317_081517-225x300.jpg 225w, https:\/\/fenuaharmonisation.com\/wp-content\/uploads\/2026\/02\/20240317_081517-1152x1536.jpg 1152w, https:\/\/fenuaharmonisation.com\/wp-content\/uploads\/2026\/02\/20240317_081517-1536x2048.jpg 1536w, https:\/\/fenuaharmonisation.com\/wp-content\/uploads\/2026\/02\/20240317_081517-scaled.jpg 1920w\" sizes=\"auto, (max-width: 768px) 100vw, 768px\" \/><\/figure>\n\n\n\n<h2 class=\"wp-block-heading\"><strong>Fenua Harmonisation<\/strong><\/h2>\n\n\n\n<p>Intelligence et \u00e9quilibre global des lieux en Polyn\u00e9sie fran\u00e7aise<\/p>\n\n\n\n<p>Fenua Harmonisation accompagne les particuliers, les professionnels et les collectivit\u00e9s dans l\u2019analyse et l\u2019harmonisation globale des lieux de vie et d\u2019activit\u00e9 en Polyn\u00e9sie.<\/p>\n\n\n\n<p>Chaque terrain, chaque habitat et chaque environnement poss\u00e8de une dynamique propre.<br>Notre approche vise \u00e0 restaurer coh\u00e9rence, stabilit\u00e9 et \u00e9quilibre durable, afin d\u2019offrir un espace sain, align\u00e9 et harmonieux.<\/p>\n\n\n\n<h2 class=\"wp-block-heading\">Notre approche<\/h2>\n\n\n\n<p>Analyse du terrain et de son implantation<\/p>\n\n\n\n<p>Observation de l\u2019habitat et de ses interactions<\/p>\n\n\n\n<p>\u00c9tude de l\u2019environnement naturel<\/p>\n\n\n\n<p>Identification des d\u00e9s\u00e9quilibres du lieu<\/p>\n\n\n\n<p>Recommandations concr\u00e8tes et personnalis\u00e9es<\/p>\n\n\n\n<figure class=\"wp-block-image size-large\"><img loading=\"lazy\" decoding=\"async\" width=\"1024\" height=\"768\" src=\"http:\/\/kihzjqo.cluster121.hosting.ovh.net\/wp-content\/uploads\/2026\/02\/432469154_784280023142703_6924494998677394251_n-1024x768.jpg\" alt=\"\" class=\"wp-image-13\" srcset=\"https:\/\/fenuaharmonisation.com\/wp-content\/uploads\/2026\/02\/432469154_784280023142703_6924494998677394251_n-1024x768.jpg 1024w, https:\/\/fenuaharmonisation.com\/wp-content\/uploads\/2026\/02\/432469154_784280023142703_6924494998677394251_n-300x225.jpg 300w, https:\/\/fenuaharmonisation.com\/wp-content\/uploads\/2026\/02\/432469154_784280023142703_6924494998677394251_n-768x576.jpg 768w, https:\/\/fenuaharmonisation.com\/wp-content\/uploads\/2026\/02\/432469154_784280023142703_6924494998677394251_n-1536x1152.jpg 1536w, https:\/\/fenuaharmonisation.com\/wp-content\/uploads\/2026\/02\/432469154_784280023142703_6924494998677394251_n.jpg 2048w\" sizes=\"auto, (max-width: 1024px) 100vw, 1024px\" \/><\/figure>\n\n\n\n<h2 class=\"wp-block-heading\">Zone d\u2019intervention<\/h2>\n\n\n\n<p>J&rsquo;interviens principalement \u00e0 Moorea et Tahiti.<br>Une analyse \u00e0 distance peut \u00e9galement \u00eatre propos\u00e9e lorsque cela est n\u00e9cessaire.<\/p>\n\n\n\n<h2 class=\"wp-block-heading\">Contact<\/h2>\n\n\n\n<p>Moorea \u2013 Polyn\u00e9sie fran\u00e7aise<br>Email : <a>john.tehuritaua@gmail.com<\/a><br>WhatsApp : +689 89 74 52 88<\/p>\n","protected":false},"excerpt":{"rendered":"<p>Fenua Harmonisation Intelligence et \u00e9quilibre global des lieux en Polyn\u00e9sie fran\u00e7aise Fenua Harmonisation accompagne les particuliers, les professionnels et les [&hellip;]<\/p>\n","protected":false},"author":1,"featured_media":0,"parent":0,"menu_order":0,"comment_status":"closed","ping_status":"closed","template":"","meta":{"site-sidebar-layout":"default","site-content-layout":"","ast-site-content-layout":"default","site-content-style":"default","site-sidebar-style":"default","ast-global-header-display":"","ast-banner-title-visibility":"","ast-main-header-display":"","ast-hfb-above-header-display":"","ast-hfb-below-header-display":"","ast-hfb-mobile-header-display":"","site-post-title":"disabled","ast-breadcrumbs-content":"","ast-featured-img":"","footer-sml-layout":"","ast-disable-related-posts":"","theme-transparent-header-meta":"","adv-header-id-meta":"","stick-header-meta":"","header-above-stick-meta":"","header-main-stick-meta":"","header-below-stick-meta":"","astra-migrate-meta-layouts":"default","ast-page-background-enabled":"default","ast-page-background-meta":{"desktop":{"background-color":"var(--ast-global-color-5)","background-image":"","background-repeat":"repeat","background-position":"center center","background-size":"auto","background-attachment":"scroll","background-type":"","background-media":"","overlay-type":"","overlay-color":"","overlay-opacity":"","overlay-gradient":""},"tablet":{"background-color":"","background-image":"","background-repeat":"repeat","background-position":"center center","background-size":"auto","background-attachment":"scroll","background-type":"","background-media":"","overlay-type":"","overlay-color":"","overlay-opacity":"","overlay-gradient":""},"mobile":{"background-color":"","background-image":"","background-repeat":"repeat","background-position":"center center","background-size":"auto","background-attachment":"scroll","background-type":"","background-media":"","overlay-type":"","overlay-color":"","overlay-opacity":"","overlay-gradient":""}},"ast-content-background-meta":{"desktop":{"background-color":"var(--ast-global-color-4)","background-image":"","background-repeat":"repeat","background-position":"center center","background-size":"auto","background-attachment":"scroll","background-type":"","background-media":"","overlay-type":"","overlay-color":"","overlay-opacity":"","overlay-gradient":""},"tablet":{"background-color":"var(--ast-global-color-4)","background-image":"","background-repeat":"repeat","background-position":"center center","background-size":"auto","background-attachment":"scroll","background-type":"","background-media":"","overlay-type":"","overlay-color":"","overlay-opacity":"","overlay-gradient":""},"mobile":{"background-color":"var(--ast-global-color-4)","background-image":"","background-repeat":"repeat","background-position":"center center","background-size":"auto","background-attachment":"scroll","background-type":"","background-media":"","overlay-type":"","overlay-color":"","overlay-opacity":"","overlay-gradient":""}},"footnotes":""},"class_list":["post-6","page","type-page","status-publish","hentry"],"_links":{"self":[{"href":"https:\/\/fenuaharmonisation.com\/index.php\/wp-json\/wp\/v2\/pages\/6","targetHints":{"allow":["GET"]}}],"collection":[{"href":"https:\/\/fenuaharmonisation.com\/index.php\/wp-json\/wp\/v2\/pages"}],"about":[{"href":"https:\/\/fenuaharmonisation.com\/index.php\/wp-json\/wp\/v2\/types\/page"}],"author":[{"embeddable":true,"href":"https:\/\/fenuaharmonisation.com\/index.php\/wp-json\/wp\/v2\/users\/1"}],"replies":[{"embeddable":true,"href":"https:\/\/fenuaharmonisation.com\/index.php\/wp-json\/wp\/v2\/comments?post=6"}],"version-history":[{"count":4,"href":"https:\/\/fenuaharmonisation.com\/index.php\/wp-json\/wp\/v2\/pages\/6\/revisions"}],"predecessor-version":[{"id":14,"href":"https:\/\/fenuaharmonisation.com\/index.php\/wp-json\/wp\/v2\/pages\/6\/revisions\/14"}],"wp:attachment":[{"href":"https:\/\/fenuaharmonisation.com\/index.php\/wp-json\/wp\/v2\/media?parent=6"}],"curies":[{"name":"wp","href":"https:\/\/api.w.org\/{rel}","templated":true}]}}